{"id":1014,"date":"2016-11-10T22:17:05","date_gmt":"2016-11-10T22:17:05","guid":{"rendered":"http:\/\/www.ei4.com.br\/word\/?page_id=1014"},"modified":"2016-11-26T17:33:15","modified_gmt":"2016-11-26T17:33:15","slug":"perfericos","status":"publish","type":"page","link":"http:\/\/www.ei4.com.br\/word\/perfericos\/","title":{"rendered":"Perf\u00e9ricos"},"content":{"rendered":"<p>[et_pb_section admin_label=&#8221;section&#8221;][et_pb_row admin_label=&#8221;row&#8221;][et_pb_column type=&#8221;4_4&#8243;][et_pb_post_title admin_label=&#8221;T\u00edtulo da Publica\u00e7\u00e3o&#8221; title=&#8221;on&#8221; meta=&#8221;off&#8221; author=&#8221;on&#8221; date=&#8221;on&#8221; categories=&#8221;on&#8221; comments=&#8221;on&#8221; featured_image=&#8221;off&#8221; featured_placement=&#8221;above&#8221; parallax_effect=&#8221;on&#8221; parallax_method=&#8221;on&#8221; text_orientation=&#8221;center&#8221; text_color=&#8221;dark&#8221; text_background=&#8221;off&#8221; text_bg_color=&#8221;rgba(93,145,191,0.9)&#8221; module_bg_color=&#8221;rgba(255,255,255,0)&#8221; title_font_size=&#8221;50&#8243; title_all_caps=&#8221;off&#8221; use_border_color=&#8221;off&#8221; border_color=&#8221;#ffffff&#8221; border_style=&#8221;solid&#8221;] [\/et_pb_post_title][\/et_pb_column][\/et_pb_row][et_pb_row admin_label=&#8221;Linha&#8221;][et_pb_column type=&#8221;3_4&#8243;][et_pb_text admin_label=&#8221;Texto-Impressora n\u00e3o fiscal t\u00e9rmica &#8211; Bematech&#8221; background_layout=&#8221;light&#8221; text_orientation=&#8221;left&#8221; use_border_color=&#8221;off&#8221; border_color=&#8221;#ffffff&#8221; border_style=&#8221;solid&#8221;]<\/p>\n<p><img loading=\"lazy\" class=\"size-full wp-image-1015 alignleft\" src=\"http:\/\/www.ei4.com.br\/word\/wp-content\/uploads\/2016\/11\/4001.png\" alt=\"Impressora n\u00e3o fiscal t\u00e9rmica - Bematech \" width=\"94\" height=\"94\" \/><strong>Impressora n\u00e3o fiscal t\u00e9rmica &#8211; Bematech<\/strong><\/p>\n<div align=\"justify\">Desempenho, flexibilidade, qualidade de impress\u00e3o, velocidade, confiabilidade, redu\u00e7\u00e3o de custos e facilidade de opera\u00e7\u00e3o s\u00e3o algumas das caracter\u00edsticas que fazem da impressora t\u00e9rmica Bematech uma \u00f3tima solu\u00e7\u00e3o para o seu ponto de venda.<\/div>\n<p>[\/et_pb_text][et_pb_divider admin_label=&#8221;Divisor&#8221; color=&#8221;#ffffff&#8221; show_divider=&#8221;off&#8221; height=&#8221;2&#8243; divider_style=&#8221;solid&#8221; divider_position=&#8221;top&#8221; hide_on_mobile=&#8221;on&#8221; \/][et_pb_text admin_label=&#8221;Texto-Impressora n\u00e3o fiscal t\u00e9rmica &#8211; Bematech&#8221; background_layout=&#8221;light&#8221; text_orientation=&#8221;left&#8221; use_border_color=&#8221;off&#8221; border_color=&#8221;#ffffff&#8221; border_style=&#8221;solid&#8221;]<\/p>\n<p><img loading=\"lazy\" class=\"size-full wp-image-1018 alignleft\" src=\"http:\/\/www.ei4.com.br\/word\/wp-content\/uploads\/2016\/11\/4003.png\" alt=\"Impressora n\u00e3o fiscal t\u00e9rmica - Bematech\" width=\"94\" height=\"94\" \/><\/p>\n<p><strong>Impressora n\u00e3o fiscal t\u00e9rmica &#8211; Bematech<\/strong><br \/>\nA impressora Bematech traz durabilidade e qualidade de impress\u00e3o a baixo custo. Pode ser usada em todos os segmentos do mercado para emiss\u00e3o de cupons sem valor fiscal.<\/p>\n<p>[\/et_pb_text][et_pb_divider admin_label=&#8221;Divisor&#8221; color=&#8221;#ffffff&#8221; show_divider=&#8221;off&#8221; height=&#8221;2&#8243; divider_style=&#8221;solid&#8221; divider_position=&#8221;top&#8221; hide_on_mobile=&#8221;on&#8221; \/][et_pb_text admin_label=&#8221;Impressora fiscal t\u00e9rmica preta &#8211; Bematech&#8221; background_layout=&#8221;light&#8221; text_orientation=&#8221;left&#8221; use_border_color=&#8221;off&#8221; border_color=&#8221;#ffffff&#8221; border_style=&#8221;solid&#8221;]<\/p>\n<p><img loading=\"lazy\" class=\" size-full wp-image-1031 alignleft\" src=\"http:\/\/www.ei4.com.br\/word\/wp-content\/uploads\/2016\/11\/4007.png\" alt=\"4007\" width=\"94\" height=\"94\" \/><strong>Impressora fiscal t\u00e9rmica preta &#8211; Bematech<\/strong><\/p>\n<p>Ideal para todo tipo de pequeno e m\u00e9dio varejo que exija agilidade, rapidez e facilidade na emiss\u00e3o de cupom fiscal.<\/p>\n<p>[\/et_pb_text][et_pb_divider admin_label=&#8221;Divisor&#8221; color=&#8221;#ffffff&#8221; show_divider=&#8221;off&#8221; height=&#8221;2&#8243; divider_style=&#8221;solid&#8221; divider_position=&#8221;top&#8221; hide_on_mobile=&#8221;on&#8221; \/][et_pb_text admin_label=&#8221;Impressora n\u00e3o fiscal matricial &#8211; Bematech&#8221; background_layout=&#8221;light&#8221; text_orientation=&#8221;left&#8221; use_border_color=&#8221;off&#8221; border_color=&#8221;#ffffff&#8221; border_style=&#8221;solid&#8221;]<\/p>\n<p><strong><img loading=\"lazy\" class=\" size-full wp-image-1032 alignleft\" src=\"http:\/\/www.ei4.com.br\/word\/wp-content\/uploads\/2016\/11\/4010.png\" alt=\"4010\" width=\"94\" height=\"94\" \/>Impressora n\u00e3o fiscal matricial &#8211; Bematech<\/strong><\/p>\n<p>Com dimens\u00f5es reduzidas, al\u00e9m de autenticar documentos atrav\u00e9s de sensor central, a emite comprovantes e recibos em at\u00e9 tr\u00eas vias.<\/p>\n<p>[\/et_pb_text][et_pb_divider admin_label=&#8221;Divisor&#8221; color=&#8221;#ffffff&#8221; show_divider=&#8221;off&#8221; height=&#8221;2&#8243; divider_style=&#8221;solid&#8221; divider_position=&#8221;top&#8221; hide_on_mobile=&#8221;on&#8221; \/][et_pb_text admin_label=&#8221;Leitor de c\u00f3digo de barras laser \u00e1quila &#8211; Bematech&#8221; background_layout=&#8221;light&#8221; text_orientation=&#8221;left&#8221; use_border_color=&#8221;off&#8221; border_color=&#8221;#ffffff&#8221; border_style=&#8221;solid&#8221;]<\/p>\n<p><strong><img loading=\"lazy\" class=\" size-full wp-image-1035 alignleft\" src=\"http:\/\/www.ei4.com.br\/word\/wp-content\/uploads\/2016\/11\/4005.png\" alt=\"4005\" width=\"94\" height=\"94\" \/>Leitor de c\u00f3digo de barras laser \u00e1quila &#8211; Bematech<br \/>\n<\/strong><\/p>\n<p>O leitor laser de c\u00f3digos de barras da Bematech \u00e9 um produto compacto de baixo custo com acionamento por gatilho, ideal para atender o pequeno varejo.<\/p>\n<p>[\/et_pb_text][et_pb_divider admin_label=&#8221;Divisor&#8221; color=&#8221;#ffffff&#8221; show_divider=&#8221;off&#8221; height=&#8221;2&#8243; divider_style=&#8221;solid&#8221; divider_position=&#8221;top&#8221; hide_on_mobile=&#8221;on&#8221; \/][et_pb_text admin_label=&#8221;Leitor de c\u00f3digo de barras CCD &#8211; Bematech&#8221; background_layout=&#8221;light&#8221; text_orientation=&#8221;left&#8221; use_border_color=&#8221;off&#8221; border_color=&#8221;#ffffff&#8221; border_style=&#8221;solid&#8221;]<\/p>\n<p><strong><img loading=\"lazy\" class=\" size-full wp-image-1033 alignleft\" src=\"http:\/\/www.ei4.com.br\/word\/wp-content\/uploads\/2016\/11\/4002.png\" alt=\"4002\" width=\"94\" height=\"94\" \/>Leitor de c\u00f3digo de barras CCD &#8211; Bematech<br \/>\n<\/strong><\/p>\n<p>F\u00e1cil e confort\u00e1vel de usar, \u00e9 um leitor resistente, muito r\u00e1pido e com \u00f3tima resolu\u00e7\u00e3o e profundidade de campo.<strong>\u00a0<\/strong><\/p>\n<p>[\/et_pb_text][et_pb_divider admin_label=&#8221;Divisor&#8221; color=&#8221;#ffffff&#8221; show_divider=&#8221;off&#8221; height=&#8221;2&#8243; divider_style=&#8221;solid&#8221; divider_position=&#8221;top&#8221; hide_on_mobile=&#8221;on&#8221; \/][et_pb_text admin_label=&#8221;Leitor de c\u00f3digo de barras laser \u00e1quila &#8211; Bematech&#8221; background_layout=&#8221;light&#8221; text_orientation=&#8221;left&#8221; use_border_color=&#8221;off&#8221; border_color=&#8221;#ffffff&#8221; border_style=&#8221;solid&#8221;]<\/p>\n<p><strong><img loading=\"lazy\" class=\" size-full wp-image-1034 alignleft\" src=\"http:\/\/www.ei4.com.br\/word\/wp-content\/uploads\/2016\/11\/4006.png\" alt=\"4006\" width=\"94\" height=\"94\" \/>Leitor de c\u00f3digo de barras laser \u00e1quila &#8211; Bematech<br \/>\n<\/strong><\/p>\n<p>Leitor atende a todas as necessidades do varejo: ele \u00e9 compacto, leve e capaz de ler c\u00f3digos de barras lineares (1D) e bidimensionais (2D). F\u00e1cil de usar e com grande precis\u00e3o de leitura.<\/p>\n<p>[\/et_pb_text][et_pb_divider admin_label=&#8221;Divisor&#8221; color=&#8221;#ffffff&#8221; show_divider=&#8221;off&#8221; height=&#8221;2&#8243; divider_style=&#8221;solid&#8221; divider_position=&#8221;top&#8221; hide_on_mobile=&#8221;on&#8221; \/][et_pb_text admin_label=&#8221;Gaveta de dinheiro automatica &#8211; Bematech&#8221; background_layout=&#8221;light&#8221; text_orientation=&#8221;left&#8221; use_border_color=&#8221;off&#8221; border_color=&#8221;#ffffff&#8221; border_style=&#8221;solid&#8221;]<\/p>\n<p><strong><a href=\"http:\/\/www.ei4.com.br\/word\/wp-content\/uploads\/2016\/11\/4004.png\"><img loading=\"lazy\" class=\" size-full wp-image-1036 alignleft\" src=\"http:\/\/www.ei4.com.br\/word\/wp-content\/uploads\/2016\/11\/4004.png\" alt=\"4004\" width=\"94\" height=\"94\" \/><\/a>Gaveta de dinheiro automatica &#8211; Bematech<br \/>\n<\/strong><\/p>\n<p>A gaveta Bematech organiza a opera\u00e7\u00e3o de pagamento e recebimento em todo tipo de varejo, aumentando a produtividade do usu\u00e1rio. Para otimizar o espa\u00e7o, ela foi desenvolvida em a\u00e7o e pode suportar monitor e teclado.<\/p>\n<p>[\/et_pb_text][et_pb_divider admin_label=&#8221;Divisor&#8221; color=&#8221;#ffffff&#8221; show_divider=&#8221;off&#8221; height=&#8221;2&#8243; divider_style=&#8221;solid&#8221; divider_position=&#8221;top&#8221; hide_on_mobile=&#8221;on&#8221; \/][et_pb_text admin_label=&#8221; Leitor de c\u00f3digo de barras fixo 1D \u00e1quila &#8211; Bematech&#8221; background_layout=&#8221;light&#8221; text_orientation=&#8221;left&#8221; use_border_color=&#8221;off&#8221; border_color=&#8221;#ffffff&#8221; border_style=&#8221;solid&#8221;]<\/p>\n<p><strong><a href=\"http:\/\/www.ei4.com.br\/word\/wp-content\/uploads\/2016\/11\/4008.png\"><img loading=\"lazy\" class=\" size-full wp-image-1037 alignleft\" src=\"http:\/\/www.ei4.com.br\/word\/wp-content\/uploads\/2016\/11\/4008.png\" alt=\"4008\" width=\"94\" height=\"94\" \/><\/a><\/strong><\/p>\n<p><strong>Leitor de c\u00f3digo de barras fixo 1D \u00e1quila &#8211; Bematech<\/strong><\/p>\n<div align=\"justify\">O leitor laser de c\u00f3digos de barras \u00e9 um leitor fixo de alta velocidade e \u00f3tima estabilidade de leitura que otimiza procedimentos nos pontos de venda com grande volume de mercadorias.<\/div>\n<p>[\/et_pb_text][et_pb_divider admin_label=&#8221;Divisor&#8221; color=&#8221;#ffffff&#8221; show_divider=&#8221;off&#8221; height=&#8221;2&#8243; divider_style=&#8221;solid&#8221; divider_position=&#8221;top&#8221; hide_on_mobile=&#8221;on&#8221; \/][et_pb_text admin_label=&#8221;Bobina PDV T\u00e9rmica 80 x 80 &#8211; Caixa c\/12 rolos&#8221; background_layout=&#8221;light&#8221; text_orientation=&#8221;left&#8221; use_border_color=&#8221;off&#8221; border_color=&#8221;#ffffff&#8221; border_style=&#8221;solid&#8221;]<\/p>\n<p><strong><a href=\"http:\/\/www.ei4.com.br\/word\/wp-content\/uploads\/2016\/11\/4011.png\"><img loading=\"lazy\" class=\" size-full wp-image-1039 alignleft\" src=\"http:\/\/www.ei4.com.br\/word\/wp-content\/uploads\/2016\/11\/4011.png\" alt=\"4011\" width=\"94\" height=\"94\" \/><\/a><\/strong><\/p>\n<p><strong>Bobina PDV T\u00e9rmica 80 x 80 &#8211; Caixa c\/12 rolos<\/strong><\/p>\n<p>Bobina em papel termoscript para impressoras fiscais e n\u00e3o fiscais t\u00e9rmicas 80 metros.<\/p>\n<p>[\/et_pb_text][et_pb_divider admin_label=&#8221;Divisor&#8221; color=&#8221;#ffffff&#8221; show_divider=&#8221;off&#8221; height=&#8221;2&#8243; divider_style=&#8221;solid&#8221; divider_position=&#8221;top&#8221; hide_on_mobile=&#8221;on&#8221; \/][et_pb_text admin_label=&#8221;Monitor touch screen &#8211; LCD 15&#8242; TM 15 &#8211; Bematech&#8221; background_layout=&#8221;light&#8221; text_orientation=&#8221;left&#8221; use_border_color=&#8221;off&#8221; border_color=&#8221;#ffffff&#8221; border_style=&#8221;solid&#8221;]<\/p>\n<p><img loading=\"lazy\" class=\" size-full wp-image-1038 alignleft\" src=\"http:\/\/www.ei4.com.br\/word\/wp-content\/uploads\/2016\/11\/4009.png\" alt=\"4009\" width=\"94\" height=\"94\" \/><strong>Monitor touch screen &#8211; LCD 15&#8242; TM 15 &#8211; Bematech<\/strong><\/p>\n<p>Com tamanho ideal para o ponto de venda, o \u00e9 f\u00e1cil de instalar e de usar, tornando as opera\u00e7\u00f5es e o atendimento muito mais simples e r\u00e1pido.<\/p>\n<p>[\/et_pb_text][\/et_pb_column][et_pb_column type=&#8221;1_4&#8243;][et_pb_social_media_follow admin_label=&#8221;Seguir nas M\u00eddias Sociais&#8221; link_shape=&#8221;circle&#8221; background_layout=&#8221;light&#8221; url_new_window=&#8221;on&#8221; follow_button=&#8221;on&#8221;] [et_pb_social_media_follow_network social_network=&#8221;facebook&#8221; skype_action=&#8221;call&#8221; bg_color=&#8221;#3b5998&#8243;] facebook [\/et_pb_social_media_follow_network][et_pb_social_media_follow_network social_network=&#8221;linkedin&#8221; skype_action=&#8221;call&#8221; bg_color=&#8221;#007bb6&#8243;] LinkedIn [\/et_pb_social_media_follow_network][et_pb_social_media_follow_network social_network=&#8221;twitter&#8221; skype_action=&#8221;call&#8221; bg_color=&#8221;#00aced&#8221;] Twitter [\/et_pb_social_media_follow_network] [\/et_pb_social_media_follow][\/et_pb_column][\/et_pb_row][\/et_pb_section]<\/p>\n","protected":false},"excerpt":{"rendered":"<p>[et_pb_section admin_label=&#8221;section&#8221;][et_pb_row admin_label=&#8221;row&#8221;][et_pb_column type=&#8221;4_4&#8243;][et_pb_post_title admin_label=&#8221;T\u00edtulo da Publica\u00e7\u00e3o&#8221; title=&#8221;on&#8221; meta=&#8221;off&#8221; author=&#8221;on&#8221; date=&#8221;on&#8221; categories=&#8221;on&#8221; comments=&#8221;on&#8221; featured_image=&#8221;off&#8221; featured_placement=&#8221;above&#8221; parallax_effect=&#8221;on&#8221; parallax_method=&#8221;on&#8221; text_orientation=&#8221;center&#8221; text_color=&#8221;dark&#8221; text_background=&#8221;off&#8221; text_bg_color=&#8221;rgba(93,145,191,0.9)&#8221; module_bg_color=&#8221;rgba(255,255,255,0)&#8221; title_font_size=&#8221;50&#8243; title_all_caps=&#8221;off&#8221; use_border_color=&#8221;off&#8221; border_color=&#8221;#ffffff&#8221; border_style=&#8221;solid&#8221;] [\/et_pb_post_title][\/et_pb_column][\/et_pb_row][et_pb_row admin_label=&#8221;Linha&#8221;][et_pb_column type=&#8221;3_4&#8243;][et_pb_text admin_label=&#8221;Texto-Impressora n\u00e3o fiscal t\u00e9rmica &#8211; Bematech&#8221; background_layout=&#8221;light&#8221; text_orientation=&#8221;left&#8221; use_border_color=&#8221;off&#8221; border_color=&#8221;#ffffff&#8221; border_style=&#8221;solid&#8221;] Impressora n\u00e3o fiscal t\u00e9rmica &#8211; Bematech Desempenho, flexibilidade, qualidade de impress\u00e3o, velocidade, confiabilidade, redu\u00e7\u00e3o [&hellip;]<\/p>\n","protected":false},"author":1,"featured_media":0,"parent":0,"menu_order":0,"comment_status":"open","ping_status":"open","template":"","meta":{"ngg_post_thumbnail":0},"_links":{"self":[{"href":"http:\/\/www.ei4.com.br\/word\/wp-json\/wp\/v2\/pages\/1014"}],"collection":[{"href":"http:\/\/www.ei4.com.br\/word\/wp-json\/wp\/v2\/pages"}],"about":[{"href":"http:\/\/www.ei4.com.br\/word\/wp-json\/wp\/v2\/types\/page"}],"author":[{"embeddable":true,"href":"http:\/\/www.ei4.com.br\/word\/wp-json\/wp\/v2\/users\/1"}],"replies":[{"embeddable":true,"href":"http:\/\/www.ei4.com.br\/word\/wp-json\/wp\/v2\/comments?post=1014"}],"version-history":[{"count":6,"href":"http:\/\/www.ei4.com.br\/word\/wp-json\/wp\/v2\/pages\/1014\/revisions"}],"predecessor-version":[{"id":1040,"href":"http:\/\/www.ei4.com.br\/word\/wp-json\/wp\/v2\/pages\/1014\/revisions\/1040"}],"wp:attachment":[{"href":"http:\/\/www.ei4.com.br\/word\/wp-json\/wp\/v2\/media?parent=1014"}],"curies":[{"name":"wp","href":"https:\/\/api.w.org\/{rel}","templated":true}]}}