{"id":881,"date":"2016-10-06T16:08:14","date_gmt":"2016-10-06T16:08:14","guid":{"rendered":"http:\/\/www.ei4.com.br\/word\/?page_id=881"},"modified":"2019-03-11T20:04:25","modified_gmt":"2019-03-11T20:04:25","slug":"ei4-automacao-residencial","status":"publish","type":"page","link":"http:\/\/www.ei4.com.br\/word\/","title":{"rendered":"EI4 | Automa\u00e7\u00e3o Residencial"},"content":{"rendered":"<p>[et_pb_section admin_label=&#8221;Se\u00e7\u00e3o&#8221; fullwidth=&#8221;on&#8221; specialty=&#8221;off&#8221;][et_pb_fullwidth_slider admin_label=&#8221;Bot\u00e3o Deslizante de Largura Completa&#8221; show_arrows=&#8221;on&#8221; show_pagination=&#8221;on&#8221; auto=&#8221;on&#8221; auto_ignore_hover=&#8221;off&#8221; parallax=&#8221;off&#8221; parallax_method=&#8221;off&#8221; remove_inner_shadow=&#8221;off&#8221; background_position=&#8221;default&#8221; background_size=&#8221;default&#8221; hide_content_on_mobile=&#8221;off&#8221; hide_cta_on_mobile=&#8221;off&#8221; show_image_video_mobile=&#8221;off&#8221; custom_button=&#8221;off&#8221; button_letter_spacing=&#8221;0&#8243; button_use_icon=&#8221;default&#8221; button_icon_placement=&#8221;right&#8221; button_on_hover=&#8221;on&#8221; button_letter_spacing_hover=&#8221;0&#8243; auto_speed=&#8221;6000&#8243;]<\/p>\n<p>[et_pb_slide heading=&#8221;Nova filial em Castelo no Esp\u00edrito Santo&#8221; button_text=&#8221;Saiba Mais&#8221; button_link=&#8221;http:\/\/www.ei4.com.br\/word\/contato-2\/&#8221; background_image=&#8221;http:\/\/www.ei4.com.br\/word\/wp-content\/uploads\/2016\/10\/NOVA-UNIDADE-EI4.jpg&#8221; background_position=&#8221;default&#8221; background_size=&#8221;default&#8221; background_color=&#8221;#ffffff&#8221; alignment=&#8221;center&#8221; background_layout=&#8221;dark&#8221; allow_player_pause=&#8221;off&#8221; header_font_select=&#8221;default&#8221; body_font_select=&#8221;default&#8221; custom_button=&#8221;off&#8221; button_font_select=&#8221;default&#8221; button_use_icon=&#8221;default&#8221; button_icon_placement=&#8221;right&#8221; button_on_hover=&#8221;on&#8221;]<\/p>\n<p>[\/et_pb_slide][et_pb_slide background_image=&#8221;http:\/\/www.ei4.com.br\/word\/wp-content\/uploads\/2016\/10\/CT-031.jpg&#8221; background_position=&#8221;default&#8221; background_size=&#8221;default&#8221; background_color=&#8221;#ffffff&#8221; alignment=&#8221;center&#8221; background_layout=&#8221;dark&#8221; allow_player_pause=&#8221;off&#8221; header_font_select=&#8221;default&#8221; body_font_select=&#8221;default&#8221; custom_button=&#8221;off&#8221; button_font_select=&#8221;default&#8221; button_use_icon=&#8221;default&#8221; button_icon_placement=&#8221;right&#8221; button_on_hover=&#8221;on&#8221; heading=&#8221;Softwares comerciais intuitivos.&#8221; image_alt=&#8221;Usar&#8221; button_text=&#8221;Saiba Mais&#8221; button_link=&#8221;http:\/\/www.ei4.com.br\/word\/clipp-store\/&#8221;]<\/p>\n<p>[\/et_pb_slide][et_pb_slide background_image=&#8221;http:\/\/www.ei4.com.br\/word\/wp-content\/uploads\/2016\/10\/CT-04.jpg&#8221; background_position=&#8221;default&#8221; background_size=&#8221;default&#8221; background_color=&#8221;#ffffff&#8221; alignment=&#8221;center&#8221; background_layout=&#8221;dark&#8221; allow_player_pause=&#8221;off&#8221; header_font_select=&#8221;default&#8221; body_font_select=&#8221;default&#8221; custom_button=&#8221;off&#8221; button_font_select=&#8221;default&#8221; button_use_icon=&#8221;default&#8221; button_icon_placement=&#8221;right&#8221; button_on_hover=&#8221;on&#8221; heading=&#8221;Equipe especializada para melhor atende-lo.&#8221; image_alt=&#8221;Usar&#8221; button_text=&#8221;Saiba Mais&#8221; button_link=&#8221;http:\/\/www.ei4.com.br\/word\/servicos\/&#8221;]<\/p>\n<p>[\/et_pb_slide]<\/p>\n<p>[\/et_pb_fullwidth_slider][\/et_pb_section][et_pb_section admin_label=&#8221;Se\u00e7\u00e3o&#8221; fullwidth=&#8221;off&#8221; specialty=&#8221;off&#8221;][et_pb_row admin_label=&#8221;Linha&#8221; make_fullwidth=&#8221;off&#8221; use_custom_width=&#8221;off&#8221; width_unit=&#8221;on&#8221; use_custom_gutter=&#8221;off&#8221; custom_padding=&#8221;|0px&#8221; padding_mobile=&#8221;off&#8221; allow_player_pause=&#8221;off&#8221; parallax=&#8221;off&#8221; parallax_method=&#8221;off&#8221; make_equal=&#8221;off&#8221; column_padding_mobile=&#8221;on&#8221;][et_pb_column type=&#8221;1_3&#8243;][et_pb_text admin_label=&#8221;Texto&#8221; background_layout=&#8221;light&#8221; text_orientation=&#8221;left&#8221; use_border_color=&#8221;off&#8221; border_color=&#8221;#ffffff&#8221; border_style=&#8221;solid&#8221;]<\/p>\n<table border=\"0\">\n<tbody>\n<tr>\n<td align=\"center\"><img src=\"http:\/\/www.ei4.com.br\/word\/wp-content\/uploads\/2016\/10\/Icone-Controle-de-Venda3.png\" alt=\"Controle de Vendas\" \/><\/p>\n<p><strong>Controle de vendas<\/strong><br \/>\nFique integrado com todas as frentes de venda do seu estabelecimento.<\/td>\n<\/tr>\n<\/tbody>\n<\/table>\n<p>[\/et_pb_text][\/et_pb_column][et_pb_column type=&#8221;1_3&#8243;][et_pb_text admin_label=&#8221;Texto&#8221; background_layout=&#8221;light&#8221; text_orientation=&#8221;left&#8221; use_border_color=&#8221;off&#8221; border_color=&#8221;#ffffff&#8221; border_style=&#8221;solid&#8221;]<\/p>\n<table border=\"0\">\n<tbody>\n<tr>\n<td align=\"center\"><img loading=\"lazy\" class=\"alignnone size-full wp-image-1117\" src=\"http:\/\/www.ei4.com.br\/word\/wp-content\/uploads\/2016\/10\/Icone-Controle-de-Estoque.png\" alt=\"Icone - Controle de Estoque\" width=\"86\" height=\"98\" \/><\/p>\n<p><strong>Controle de estoque<\/strong><br \/>\nO estoque do seu estabelecimento totalmente sobre o seu controle.<\/td>\n<\/tr>\n<\/tbody>\n<\/table>\n<p>[\/et_pb_text][\/et_pb_column][et_pb_column type=&#8221;1_3&#8243;][et_pb_text admin_label=&#8221;Texto&#8221; background_layout=&#8221;light&#8221; text_orientation=&#8221;left&#8221; use_border_color=&#8221;off&#8221; border_color=&#8221;#ffffff&#8221; border_style=&#8221;solid&#8221;]<\/p>\n<table border=\"0\">\n<tbody>\n<tr>\n<td align=\"center\"><img loading=\"lazy\" class=\"alignnone size-full wp-image-1118\" src=\"http:\/\/www.ei4.com.br\/word\/wp-content\/uploads\/2016\/10\/Icone-Controle-Financeiro.png\" alt=\"Icone - Controle Financeiro\" width=\"86\" height=\"98\" \/><\/p>\n<p><strong>Controle\u00a0Financeiro<\/strong><br \/>\nSeu fluxo de caixa totalmente adaptado a sua necessidade.<\/td>\n<\/tr>\n<\/tbody>\n<\/table>\n<p>[\/et_pb_text][\/et_pb_column][\/et_pb_row][\/et_pb_section][et_pb_section admin_label=&#8221;Se\u00e7\u00e3o&#8221; fullwidth=&#8221;off&#8221; specialty=&#8221;off&#8221;][et_pb_row admin_label=&#8221;Linha&#8221;][et_pb_column type=&#8221;2_3&#8243;][et_pb_text admin_label=&#8221;Texto&#8221; background_layout=&#8221;light&#8221; text_orientation=&#8221;left&#8221; use_border_color=&#8221;off&#8221; border_color=&#8221;#ffffff&#8221; border_style=&#8221;solid&#8221;]<\/p>\n<p style=\"text-align: left;\"><b><img loading=\"lazy\" class=\"  wp-image-885 alignleft\" src=\"http:\/\/www.ei4.com.br\/word\/wp-content\/uploads\/2016\/10\/CT-01-300x126.png\" alt=\"CT-01\" width=\"326\" height=\"137\" srcset=\"http:\/\/www.ei4.com.br\/word\/wp-content\/uploads\/2016\/10\/CT-01-300x126.png 300w, http:\/\/www.ei4.com.br\/word\/wp-content\/uploads\/2016\/10\/CT-01.png 375w\" sizes=\"(max-width: 326px) 100vw, 326px\" \/><\/b><\/p>\n<p style=\"text-align: left;\"><b>SISTEMA PARA GERENCIAR MICROS E PEQUENAS EMPRESAS DE COMERCIO.<\/b><\/p>\n<p style=\"text-align: justify;\">Atenda seus clientes com rapidez e efici\u00eancia, ganhando assim mais desempenho operacional. <a title=\"Clipp Store\" href=\"http:\/\/www.ei4.com.br\/word\/clipp-store\/\">\u00a0<\/a><\/p>\n<p style=\"text-align: left;\"><a title=\"Clipp Store\" href=\"http:\/\/www.ei4.com.br\/word\/clipp-store\/\">Conhe\u00e7a nosso sistema.<\/a><\/p>\n<p>[\/et_pb_text][et_pb_text admin_label=&#8221;Texto&#8221; background_layout=&#8221;light&#8221; text_orientation=&#8221;left&#8221; use_border_color=&#8221;off&#8221; border_color=&#8221;#ffffff&#8221; border_style=&#8221;solid&#8221;]<\/p>\n<p style=\"text-align: right;\"><a href=\"http:\/\/www.ei4.com.br\/word\/wp-content\/uploads\/2016\/10\/PR-IMG-PERIFERICOS.png\"><img loading=\"lazy\" class=\" wp-image-962 alignright\" src=\"http:\/\/www.ei4.com.br\/word\/wp-content\/uploads\/2016\/10\/PR-IMG-PERIFERICOS.png\" alt=\"Perif\u00e9ricos\" width=\"305\" height=\"226\" \/><\/a><\/p>\n<p style=\"text-align: right;\"><b>REDUZA A FILA DE SEU NEG\u00d3CIO E MELHORE SEU ATENDIMENTO.<\/b><\/p>\n<p style=\"text-align: right;\">Oferecemos solu\u00e7\u00f5es ideais de acordo com sua necessidade.<\/p>\n<p style=\"text-align: right;\"><a title=\"Produtos\" href=\"http:\/\/www.ei4.com.br\/word\/produtos\/\">Conhe\u00e7a nossos produtos.<\/a><\/p>\n<p>[\/et_pb_text][\/et_pb_column][et_pb_column type=&#8221;1_3&#8243;][et_pb_social_media_follow admin_label=&#8221;Seguir nas M\u00eddias Sociais&#8221; link_shape=&#8221;circle&#8221; background_layout=&#8221;light&#8221; url_new_window=&#8221;on&#8221; follow_button=&#8221;on&#8221; custom_css_main_element=&#8221;<br \/>\n&#8220;]<\/p>\n<p>[et_pb_social_media_follow_network social_network=&#8221;facebook&#8221; skype_action=&#8221;call&#8221; bg_color=&#8221;#3b5998&#8243;]<\/p>\n<p>facebook<\/p>\n<p>[\/et_pb_social_media_follow_network][et_pb_social_media_follow_network social_network=&#8221;linkedin&#8221; skype_action=&#8221;call&#8221; bg_color=&#8221;#007bb6&#8243;]<\/p>\n<p>LinkedIn<\/p>\n<p>[\/et_pb_social_media_follow_network]<\/p>\n<p>[\/et_pb_social_media_follow][\/et_pb_column][\/et_pb_row][\/et_pb_section]<\/p>\n","protected":false},"excerpt":{"rendered":"<p>[et_pb_section admin_label=&#8221;Se\u00e7\u00e3o&#8221; fullwidth=&#8221;on&#8221; specialty=&#8221;off&#8221;][et_pb_fullwidth_slider admin_label=&#8221;Bot\u00e3o Deslizante de Largura Completa&#8221; show_arrows=&#8221;on&#8221; show_pagination=&#8221;on&#8221; auto=&#8221;on&#8221; auto_ignore_hover=&#8221;off&#8221; parallax=&#8221;off&#8221; parallax_method=&#8221;off&#8221; remove_inner_shadow=&#8221;off&#8221; background_position=&#8221;default&#8221; background_size=&#8221;default&#8221; hide_content_on_mobile=&#8221;off&#8221; hide_cta_on_mobile=&#8221;off&#8221; show_image_video_mobile=&#8221;off&#8221; custom_button=&#8221;off&#8221; button_letter_spacing=&#8221;0&#8243; button_use_icon=&#8221;default&#8221; button_icon_placement=&#8221;right&#8221; button_on_hover=&#8221;on&#8221; button_letter_spacing_hover=&#8221;0&#8243; auto_speed=&#8221;6000&#8243;] [et_pb_slide heading=&#8221;Nova filial em Castelo no Esp\u00edrito Santo&#8221; button_text=&#8221;Saiba Mais&#8221; button_link=&#8221;http:\/\/www.ei4.com.br\/word\/contato-2\/&#8221; background_image=&#8221;http:\/\/www.ei4.com.br\/word\/wp-content\/uploads\/2016\/10\/NOVA-UNIDADE-EI4.jpg&#8221; background_position=&#8221;default&#8221; background_size=&#8221;default&#8221; background_color=&#8221;#ffffff&#8221; alignment=&#8221;center&#8221; background_layout=&#8221;dark&#8221; allow_player_pause=&#8221;off&#8221; header_font_select=&#8221;default&#8221; body_font_select=&#8221;default&#8221; custom_button=&#8221;off&#8221; button_font_select=&#8221;default&#8221; button_use_icon=&#8221;default&#8221; button_icon_placement=&#8221;right&#8221; button_on_hover=&#8221;on&#8221;] [\/et_pb_slide][et_pb_slide background_image=&#8221;http:\/\/www.ei4.com.br\/word\/wp-content\/uploads\/2016\/10\/CT-031.jpg&#8221; [&hellip;]<\/p>\n","protected":false},"author":1,"featured_media":0,"parent":0,"menu_order":0,"comment_status":"open","ping_status":"open","template":"","meta":{"ngg_post_thumbnail":0},"_links":{"self":[{"href":"http:\/\/www.ei4.com.br\/word\/wp-json\/wp\/v2\/pages\/881"}],"collection":[{"href":"http:\/\/www.ei4.com.br\/word\/wp-json\/wp\/v2\/pages"}],"about":[{"href":"http:\/\/www.ei4.com.br\/word\/wp-json\/wp\/v2\/types\/page"}],"author":[{"embeddable":true,"href":"http:\/\/www.ei4.com.br\/word\/wp-json\/wp\/v2\/users\/1"}],"replies":[{"embeddable":true,"href":"http:\/\/www.ei4.com.br\/word\/wp-json\/wp\/v2\/comments?post=881"}],"version-history":[{"count":23,"href":"http:\/\/www.ei4.com.br\/word\/wp-json\/wp\/v2\/pages\/881\/revisions"}],"predecessor-version":[{"id":1130,"href":"http:\/\/www.ei4.com.br\/word\/wp-json\/wp\/v2\/pages\/881\/revisions\/1130"}],"wp:attachment":[{"href":"http:\/\/www.ei4.com.br\/word\/wp-json\/wp\/v2\/media?parent=881"}],"curies":[{"name":"wp","href":"https:\/\/api.w.org\/{rel}","templated":true}]}}