{"id":900,"date":"2016-10-06T16:10:32","date_gmt":"2016-10-06T16:10:32","guid":{"rendered":"http:\/\/www.ei4.com.br\/word\/?page_id=900"},"modified":"2026-03-22T17:07:42","modified_gmt":"2026-03-22T17:07:42","slug":"contato-2","status":"publish","type":"page","link":"http:\/\/www.ei4.com.br\/word\/contato-2\/","title":{"rendered":"Contato"},"content":{"rendered":"<p>[et_pb_section admin_label=&#8221;section&#8221;][et_pb_row admin_label=&#8221;row&#8221;][et_pb_column type=&#8221;4_4&#8243;][et_pb_post_title admin_label=&#8221;T\u00edtulo da Publica\u00e7\u00e3o&#8221; title=&#8221;on&#8221; meta=&#8221;off&#8221; author=&#8221;on&#8221; date=&#8221;on&#8221; categories=&#8221;on&#8221; comments=&#8221;on&#8221; featured_image=&#8221;off&#8221; featured_placement=&#8221;above&#8221; parallax_effect=&#8221;on&#8221; parallax_method=&#8221;on&#8221; text_orientation=&#8221;center&#8221; text_color=&#8221;dark&#8221; text_background=&#8221;off&#8221; text_bg_color=&#8221;rgba(93,145,191,0.9)&#8221; module_bg_color=&#8221;rgba(255,255,255,0)&#8221; title_font_size=&#8221;50&#8243; title_all_caps=&#8221;off&#8221; use_border_color=&#8221;off&#8221; border_color=&#8221;#ffffff&#8221; border_style=&#8221;solid&#8221;]<\/p>\n<p>[\/et_pb_post_title][\/et_pb_column][\/et_pb_row][et_pb_row admin_label=&#8221;Linha&#8221;][et_pb_column type=&#8221;1_3&#8243;][et_pb_text admin_label=&#8221;Texto&#8221; background_layout=&#8221;light&#8221; text_orientation=&#8221;left&#8221; use_border_color=&#8221;off&#8221; border_color=&#8221;#ffffff&#8221; border_style=&#8221;solid&#8221;]<\/p>\n<table style=\"height: 111px;\" border=\"0\" width=\"267\">\n<tbody>\n<tr>\n<td><img loading=\"lazy\" class=\"size-full wp-image-950\" src=\"http:\/\/www.ei4.com.br\/word\/wp-content\/uploads\/2016\/10\/IC-ENDERECO.png\" alt=\"Endere\u00e7o\" width=\"45\" height=\"34\"><\/td>\n<td><strong>Rio de Janeiro<\/strong><\/td>\n<\/tr>\n<tr>\n<td colspan=\"2\">Rua Pr\u00f3pria, N\u00b0 131, Vila Maria Helena, Duque de Caxias &#8211; Rio de Janeiro<br \/>\nCEP 25.251-285&nbsp;&nbsp;<\/p>\n<p>(021) 3193-8335<br \/>\n<a href=\"https:\/\/wa.me\/5521997548335\">(021) 99754-8335<\/a> <img style=\"height: 16px;\" src=\"http:\/\/www.ei4.com.br\/word\/wp-content\/uploads\/2022\/05\/whatsapp.png\" width=\"16px\"><\/td>\n<\/tr>\n<\/tbody>\n<\/table>\n<p>[\/et_pb_text][\/et_pb_column][et_pb_column type=&#8221;1_3&#8243;][et_pb_text admin_label=&#8221;Texto&#8221; background_layout=&#8221;light&#8221; text_orientation=&#8221;left&#8221; use_border_color=&#8221;off&#8221; border_color=&#8221;#ffffff&#8221; border_style=&#8221;solid&#8221;]<\/p>\n<table border=\"0\">\n<tbody>\n<tr>\n<td><img loading=\"lazy\" class=\"size-full wp-image-950\" src=\"http:\/\/www.ei4.com.br\/word\/wp-content\/uploads\/2016\/10\/IC-ENDERECO.png\" alt=\"Endere\u00e7o\" width=\"45\" height=\"34\"><\/td>\n<td><strong>Esp\u00edrito Santo<\/strong><\/td>\n<\/tr>\n<tr>\n<td colspan=\"2\">Rua Jaime Cora 105, N\u00ba 5 &#8211; Castelo3 &#8211; Castelo &#8211; ES<br \/>\nCEP: 29360-000&nbsp;&nbsp;<\/p>\n<p><a href=\"https:\/\/wa.me\/5528999028335\">(028) 99902-8335<\/a> <img style=\"height: 16px;\" src=\"http:\/\/www.ei4.com.br\/word\/wp-content\/uploads\/2022\/05\/whatsapp.png\" width=\"16px\"><\/td>\n<\/tr>\n<\/tbody>\n<\/table>\n<p>[\/et_pb_text][\/et_pb_column][et_pb_column type=&#8221;1_3&#8243;][et_pb_text admin_label=&#8221;Texto&#8221; background_layout=&#8221;light&#8221; text_orientation=&#8221;left&#8221; use_border_color=&#8221;off&#8221; border_color=&#8221;#ffffff&#8221; border_style=&#8221;solid&#8221;]<\/p>\n<table border=\"0\">\n<tbody>\n<tr>\n<td><a href=\"http:\/\/www.ei4.com.br\/word\/wp-content\/uploads\/2016\/10\/IC-EMAIL.png\"><img loading=\"lazy\" class=\"size-full wp-image-952\" src=\"http:\/\/www.ei4.com.br\/word\/wp-content\/uploads\/2016\/10\/IC-EMAIL.png\" alt=\"Email\" width=\"45\" height=\"34\"><\/a><\/td>\n<td><b>E-mails<\/b><\/td>\n<\/tr>\n<tr>\n<td style=\"text-align: center;\" colspan=\"2\">comercial@ei4.com.br<\/td>\n<\/tr>\n<\/tbody>\n<\/table>\n<p>[\/et_pb_text][\/et_pb_column][\/et_pb_row][et_pb_row admin_label=&#8221;Linha&#8221;][et_pb_column type=&#8221;3_4&#8243;][et_pb_text admin_label=&#8221;Mapa&#8221; background_layout=&#8221;light&#8221; text_orientation=&#8221;left&#8221; use_border_color=&#8221;off&#8221; border_color=&#8221;#ffffff&#8221; border_style=&#8221;solid&#8221;]<\/p>\n<ul>\n<li>Filial Rio de Janeiro<\/li>\n<\/ul>\n<p><iframe loading=\"lazy\" style=\"border: 0;\" src=\"https:\/\/www.google.com\/maps\/embed?pb=!1m18!1m12!1m3!1d3681.7618123373445!2d-43.28199068451935!3d-22.662667634904224!2m3!1f0!2f0!3f0!3m2!1i1024!2i768!4f13.1!3m3!1m2!1s0x9973a7f29f34c3%3A0x445fc082ce5358d!2sR.+Pr%C3%B3pria%2C+131+-+Ch%C3%A1caras+Arcampo%2C+Duque+de+Caxias+-+RJ!5e0!3m2!1spt-BR!2sbr!4v1453998114062\" width=\"100%\" height=\"400\" frameborder=\"0\" allowfullscreen=\"allowfullscreen\"><\/iframe><\/p>\n<p>[\/et_pb_text][et_pb_text admin_label=&#8221;Mapa&#8221; background_layout=&#8221;light&#8221; text_orientation=&#8221;left&#8221; use_border_color=&#8221;off&#8221; border_color=&#8221;#ffffff&#8221; border_style=&#8221;solid&#8221;]<\/p>\n<ul>\n<li>Filial Esp\u00edrito Santo<\/li>\n<\/ul>\n<p><iframe loading=\"lazy\" style=\"border: 0;\" src=\"https:\/\/www.google.com\/maps\/embed?pb=!1m18!1m12!1m3!1d3733.9440866816362!2d-41.202895490908276!3d-20.63113575809373!2m3!1f0!2f0!3f0!3m2!1i1024!2i768!4f13.1!3m3!1m2!1s0xb97c9f7a1290bb%3A0xedcd54f4b38fcf3e!2sCondom%C3%ADnio%20Residencial%20Colina!5e0!3m2!1spt-BR!2sbr!4v1652910603101!5m2!1spt-BR!2sbr\" width=\"100%\" height=\"400\" frameborder=\"0\" allowfullscreen=\"allowfullscreen\"><\/iframe><\/p>\n<p>[\/et_pb_text][et_pb_text admin_label=&#8221;Texto&#8221; background_layout=&#8221;light&#8221; text_orientation=&#8221;left&#8221; use_border_color=&#8221;off&#8221; border_color=&#8221;#ffffff&#8221; border_style=&#8221;solid&#8221;]<\/p>\n<p>Sua opini\u00e3o \u00e9 muito importante para n\u00f3s. Envie-nos suas criticas, d\u00favidas ou sugest\u00f5es.<\/p>\n<p>Para informa\u00e7\u00f5es sobre <strong>vendas<\/strong> e <strong>contrata\u00e7\u00e3o de servi\u00e7o<\/strong>, <a title=\"Comprar\" href=\"http:\/\/www.ei4.com.br\/word\/comprar\/\">clicar aqui<\/a>.<\/p>\n<p>[\/et_pb_text][et_pb_contact_form admin_label=&#8221;Formul\u00e1rio de Contato&#8221; captcha=&#8221;on&#8221; email=&#8221;comercial@ei4.com.br&#8221; use_border_color=&#8221;off&#8221; border_color=&#8221;#ffffff&#8221; border_style=&#8221;solid&#8221; custom_button=&#8221;off&#8221; button_letter_spacing=&#8221;0&#8243; button_use_icon=&#8221;default&#8221; button_icon_placement=&#8221;right&#8221; button_on_hover=&#8221;on&#8221; button_letter_spacing_hover=&#8221;0&#8243;]<\/p>\n<p>[\/et_pb_contact_form][\/et_pb_column][et_pb_column type=&#8221;1_4&#8243;][et_pb_social_media_follow admin_label=&#8221;Seguir nas M\u00eddias Sociais&#8221; link_shape=&#8221;circle&#8221; background_layout=&#8221;light&#8221; url_new_window=&#8221;on&#8221; follow_button=&#8221;on&#8221;]<\/p>\n<p>[et_pb_social_media_follow_network social_network=&#8221;facebook&#8221; skype_action=&#8221;call&#8221; bg_color=&#8221;#3b5998&#8243;] facebook [\/et_pb_social_media_follow_network][et_pb_social_media_follow_network social_network=&#8221;linkedin&#8221; skype_action=&#8221;call&#8221; bg_color=&#8221;#007bb6&#8243;] LinkedIn [\/et_pb_social_media_follow_network][et_pb_social_media_follow_network social_network=&#8221;twitter&#8221; skype_action=&#8221;call&#8221; bg_color=&#8221;#00aced&#8221;] Twitter [\/et_pb_social_media_follow_network]<\/p>\n<p>[\/et_pb_social_media_follow][\/et_pb_column][\/et_pb_row][\/et_pb_section]<\/p>\n","protected":false},"excerpt":{"rendered":"<p>[et_pb_section admin_label=&#8221;section&#8221;][et_pb_row admin_label=&#8221;row&#8221;][et_pb_column type=&#8221;4_4&#8243;][et_pb_post_title admin_label=&#8221;T\u00edtulo da Publica\u00e7\u00e3o&#8221; title=&#8221;on&#8221; meta=&#8221;off&#8221; author=&#8221;on&#8221; date=&#8221;on&#8221; categories=&#8221;on&#8221; comments=&#8221;on&#8221; featured_image=&#8221;off&#8221; featured_placement=&#8221;above&#8221; parallax_effect=&#8221;on&#8221; parallax_method=&#8221;on&#8221; text_orientation=&#8221;center&#8221; text_color=&#8221;dark&#8221; text_background=&#8221;off&#8221; text_bg_color=&#8221;rgba(93,145,191,0.9)&#8221; module_bg_color=&#8221;rgba(255,255,255,0)&#8221; title_font_size=&#8221;50&#8243; title_all_caps=&#8221;off&#8221; use_border_color=&#8221;off&#8221; border_color=&#8221;#ffffff&#8221; border_style=&#8221;solid&#8221;] [\/et_pb_post_title][\/et_pb_column][\/et_pb_row][et_pb_row admin_label=&#8221;Linha&#8221;][et_pb_column type=&#8221;1_3&#8243;][et_pb_text admin_label=&#8221;Texto&#8221; background_layout=&#8221;light&#8221; text_orientation=&#8221;left&#8221; use_border_color=&#8221;off&#8221; border_color=&#8221;#ffffff&#8221; border_style=&#8221;solid&#8221;] Rio de Janeiro Rua Pr\u00f3pria, N\u00b0 131, Vila Maria Helena, Duque de Caxias &#8211; Rio de Janeiro CEP 25.251-285&nbsp;&nbsp; [&hellip;]<\/p>\n","protected":false},"author":1,"featured_media":0,"parent":0,"menu_order":0,"comment_status":"open","ping_status":"open","template":"","meta":{"ngg_post_thumbnail":0},"_links":{"self":[{"href":"http:\/\/www.ei4.com.br\/word\/wp-json\/wp\/v2\/pages\/900"}],"collection":[{"href":"http:\/\/www.ei4.com.br\/word\/wp-json\/wp\/v2\/pages"}],"about":[{"href":"http:\/\/www.ei4.com.br\/word\/wp-json\/wp\/v2\/types\/page"}],"author":[{"embeddable":true,"href":"http:\/\/www.ei4.com.br\/word\/wp-json\/wp\/v2\/users\/1"}],"replies":[{"embeddable":true,"href":"http:\/\/www.ei4.com.br\/word\/wp-json\/wp\/v2\/comments?post=900"}],"version-history":[{"count":17,"href":"http:\/\/www.ei4.com.br\/word\/wp-json\/wp\/v2\/pages\/900\/revisions"}],"predecessor-version":[{"id":1154,"href":"http:\/\/www.ei4.com.br\/word\/wp-json\/wp\/v2\/pages\/900\/revisions\/1154"}],"wp:attachment":[{"href":"http:\/\/www.ei4.com.br\/word\/wp-json\/wp\/v2\/media?parent=900"}],"curies":[{"name":"wp","href":"https:\/\/api.w.org\/{rel}","templated":true}]}}