{"id":902,"date":"2016-10-06T16:10:55","date_gmt":"2016-10-06T16:10:55","guid":{"rendered":"http:\/\/www.ei4.com.br\/word\/?page_id=902"},"modified":"2022-05-18T21:36:05","modified_gmt":"2022-05-18T21:36:05","slug":"produtos","status":"publish","type":"page","link":"http:\/\/www.ei4.com.br\/word\/produtos\/","title":{"rendered":"Produtos"},"content":{"rendered":"<p>[et_pb_section admin_label=&#8221;section&#8221;][et_pb_row admin_label=&#8221;row&#8221;][et_pb_column type=&#8221;4_4&#8243;][et_pb_post_title admin_label=&#8221;T\u00edtulo da Publica\u00e7\u00e3o&#8221; title=&#8221;on&#8221; meta=&#8221;off&#8221; author=&#8221;on&#8221; date=&#8221;on&#8221; categories=&#8221;on&#8221; comments=&#8221;on&#8221; featured_image=&#8221;off&#8221; featured_placement=&#8221;above&#8221; parallax_effect=&#8221;on&#8221; parallax_method=&#8221;on&#8221; text_orientation=&#8221;center&#8221; text_color=&#8221;dark&#8221; text_background=&#8221;off&#8221; text_bg_color=&#8221;rgba(93,145,191,0.9)&#8221; module_bg_color=&#8221;rgba(255,255,255,0)&#8221; title_font_size=&#8221;50&#8243; title_all_caps=&#8221;off&#8221; use_border_color=&#8221;off&#8221; border_color=&#8221;#ffffff&#8221; border_style=&#8221;solid&#8221;]<\/p>\n<p><\/p>\n<p>[\/et_pb_post_title][\/et_pb_column][\/et_pb_row][et_pb_row admin_label=&#8221;Linha&#8221;][et_pb_column type=&#8221;3_4&#8243;][et_pb_text admin_label=&#8221;Texto-Produtos-Clipp Store&#8221; background_layout=&#8221;light&#8221; text_orientation=&#8221;center&#8221; use_border_color=&#8221;off&#8221; border_color=&#8221;#ffffff&#8221; border_style=&#8221;solid&#8221;]<\/p>\n<p><a href=\"http:\/\/www.ei4.com.br\/word\/wp-content\/uploads\/2016\/10\/Caixa_store_2017.png\"><img loading=\"lazy\" class=\"  wp-image-1025 alignleft\" src=\"http:\/\/www.ei4.com.br\/word\/wp-content\/uploads\/2016\/10\/Caixa_store_2017-340x400.png\" alt=\"Caixa_store_2017\" width=\"243\" height=\"286\" srcset=\"http:\/\/www.ei4.com.br\/word\/wp-content\/uploads\/2016\/10\/Caixa_store_2017-340x400.png 340w, http:\/\/www.ei4.com.br\/word\/wp-content\/uploads\/2016\/10\/Caixa_store_2017-869x1024.png 869w, http:\/\/www.ei4.com.br\/word\/wp-content\/uploads\/2016\/10\/Caixa_store_2017-1080x1272.png 1080w, http:\/\/www.ei4.com.br\/word\/wp-content\/uploads\/2016\/10\/Caixa_store_2017.png 1175w\" sizes=\"(max-width: 243px) 100vw, 243px\" \/><\/a><\/p>\n<p style=\"text-align: left;\"><strong>Clipp Store<\/strong>\u00a0<\/p>\n<p style=\"text-align: justify;\">As melhores vantagens e solu\u00e7\u00f5es para auxiliar na gest\u00e3o de micros e pequenas empresas de com\u00e9rcio automatizando e otimizando processos, atendendo a legisla\u00e7\u00e3o fiscal e as necessidades de sua empresa.<\/p>\n<p style=\"text-align: center;\"><a title=\"Clipp Store\" href=\"http:\/\/www.ei4.com.br\/word\/clipp-store\/\">Saiba mais.<\/a><\/p>\n<p>[\/et_pb_text][et_pb_divider admin_label=&#8221;Divisor&#8221; color=&#8221;#ffffff&#8221; show_divider=&#8221;off&#8221; height=&#8221;90&#8243; divider_style=&#8221;solid&#8221; divider_position=&#8221;top&#8221; hide_on_mobile=&#8221;on&#8221;]<\/p>\n<p>[\/et_pb_divider][et_pb_text admin_label=&#8221;Texto-Produtos-Perif\u00e9ricos&#8221; background_layout=&#8221;light&#8221; text_orientation=&#8221;left&#8221; use_border_color=&#8221;off&#8221; border_color=&#8221;#ffffff&#8221; border_style=&#8221;solid&#8221;]<\/p>\n<p><a href=\"http:\/\/www.ei4.com.br\/word\/wp-content\/uploads\/2016\/10\/PR-IMG-PERIFERICOS.png\"><img loading=\"lazy\" class=\"size-full wp-image-962 alignright\" src=\"http:\/\/www.ei4.com.br\/word\/wp-content\/uploads\/2016\/10\/PR-IMG-PERIFERICOS.png\" alt=\"Perif\u00e9ricos\" width=\"350\" height=\"260\" \/><\/a><\/p>\n<p style=\"text-align: right;\"><strong>Perif\u00e9ricos de Entrada e Sa\u00edda<\/strong><\/p>\n<p style=\"text-align: justify;\">Ampliar a velocidade e o controle nas opera\u00e7\u00f5es, padronizar processos minimizando perdas e erros humanos oferecendo uma an\u00e1lise mais r\u00e1pida e eficiente da empresa, s\u00e3o pontos chaves da automa\u00e7\u00e3o comercial.<\/p>\n<p style=\"text-align: justify;\">Certamente trar\u00e3o in\u00fameros benef\u00edcios para a sua administra\u00e7\u00e3o e a lucratividade do seu neg\u00f3cio.<\/p>\n<p style=\"text-align: center;\"><a class=\"CC-PADRAO\" title=\"Perf\u00e9ricos\" href=\"http:\/\/www.ei4.com.br\/word\/perfericos\/\">Conhe\u00e7a nossas solu\u00e7\u00f5es.<\/a><\/p>\n<p>[\/et_pb_text][et_pb_divider admin_label=&#8221;Divisor&#8221; color=&#8221;#ffffff&#8221; show_divider=&#8221;off&#8221; height=&#8221;5&#8243; divider_style=&#8221;solid&#8221; divider_position=&#8221;top&#8221; hide_on_mobile=&#8221;on&#8221;]<\/p>\n<p>[\/et_pb_divider][\/et_pb_column][et_pb_column type=&#8221;1_4&#8243;][et_pb_social_media_follow admin_label=&#8221;Seguir nas M\u00eddias Sociais&#8221; link_shape=&#8221;circle&#8221; background_layout=&#8221;light&#8221; url_new_window=&#8221;on&#8221; follow_button=&#8221;on&#8221;]<\/p>\n<p>[et_pb_social_media_follow_network social_network=&#8221;facebook&#8221; skype_action=&#8221;call&#8221; bg_color=&#8221;#3b5998&#8243;] facebook [\/et_pb_social_media_follow_network][et_pb_social_media_follow_network social_network=&#8221;linkedin&#8221; skype_action=&#8221;call&#8221; bg_color=&#8221;#007bb6&#8243;] LinkedIn [\/et_pb_social_media_follow_network][et_pb_social_media_follow_network social_network=&#8221;twitter&#8221; skype_action=&#8221;call&#8221; bg_color=&#8221;#00aced&#8221;] Twitter [\/et_pb_social_media_follow_network]<\/p>\n<p>[\/et_pb_social_media_follow][\/et_pb_column][\/et_pb_row][et_pb_row admin_label=&#8221;Linha&#8221;][\/et_pb_row][\/et_pb_section]<\/p>\n","protected":false},"excerpt":{"rendered":"<p>[et_pb_section admin_label=&#8221;section&#8221;][et_pb_row admin_label=&#8221;row&#8221;][et_pb_column type=&#8221;4_4&#8243;][et_pb_post_title admin_label=&#8221;T\u00edtulo da Publica\u00e7\u00e3o&#8221; title=&#8221;on&#8221; meta=&#8221;off&#8221; author=&#8221;on&#8221; date=&#8221;on&#8221; categories=&#8221;on&#8221; comments=&#8221;on&#8221; featured_image=&#8221;off&#8221; featured_placement=&#8221;above&#8221; parallax_effect=&#8221;on&#8221; parallax_method=&#8221;on&#8221; text_orientation=&#8221;center&#8221; text_color=&#8221;dark&#8221; text_background=&#8221;off&#8221; text_bg_color=&#8221;rgba(93,145,191,0.9)&#8221; module_bg_color=&#8221;rgba(255,255,255,0)&#8221; title_font_size=&#8221;50&#8243; title_all_caps=&#8221;off&#8221; use_border_color=&#8221;off&#8221; border_color=&#8221;#ffffff&#8221; border_style=&#8221;solid&#8221;] [\/et_pb_post_title][\/et_pb_column][\/et_pb_row][et_pb_row admin_label=&#8221;Linha&#8221;][et_pb_column type=&#8221;3_4&#8243;][et_pb_text admin_label=&#8221;Texto-Produtos-Clipp Store&#8221; background_layout=&#8221;light&#8221; text_orientation=&#8221;center&#8221; use_border_color=&#8221;off&#8221; border_color=&#8221;#ffffff&#8221; border_style=&#8221;solid&#8221;] Clipp Store\u00a0 As melhores vantagens e solu\u00e7\u00f5es para auxiliar na gest\u00e3o de micros e pequenas empresas de com\u00e9rcio [&hellip;]<\/p>\n","protected":false},"author":1,"featured_media":0,"parent":0,"menu_order":0,"comment_status":"open","ping_status":"open","template":"","meta":{"ngg_post_thumbnail":0},"_links":{"self":[{"href":"http:\/\/www.ei4.com.br\/word\/wp-json\/wp\/v2\/pages\/902"}],"collection":[{"href":"http:\/\/www.ei4.com.br\/word\/wp-json\/wp\/v2\/pages"}],"about":[{"href":"http:\/\/www.ei4.com.br\/word\/wp-json\/wp\/v2\/types\/page"}],"author":[{"embeddable":true,"href":"http:\/\/www.ei4.com.br\/word\/wp-json\/wp\/v2\/users\/1"}],"replies":[{"embeddable":true,"href":"http:\/\/www.ei4.com.br\/word\/wp-json\/wp\/v2\/comments?post=902"}],"version-history":[{"count":21,"href":"http:\/\/www.ei4.com.br\/word\/wp-json\/wp\/v2\/pages\/902\/revisions"}],"predecessor-version":[{"id":1145,"href":"http:\/\/www.ei4.com.br\/word\/wp-json\/wp\/v2\/pages\/902\/revisions\/1145"}],"wp:attachment":[{"href":"http:\/\/www.ei4.com.br\/word\/wp-json\/wp\/v2\/media?parent=902"}],"curies":[{"name":"wp","href":"https:\/\/api.w.org\/{rel}","templated":true}]}}