{"id":906,"date":"2016-10-06T16:11:23","date_gmt":"2016-10-06T16:11:23","guid":{"rendered":"http:\/\/www.ei4.com.br\/word\/?page_id=906"},"modified":"2016-11-10T15:27:04","modified_gmt":"2016-11-10T15:27:04","slug":"servicos","status":"publish","type":"page","link":"http:\/\/www.ei4.com.br\/word\/servicos\/","title":{"rendered":"Servi\u00e7os"},"content":{"rendered":"<p>[et_pb_section admin_label=&#8221;section&#8221;][et_pb_row admin_label=&#8221;row&#8221;][et_pb_column type=&#8221;4_4&#8243;][et_pb_post_title admin_label=&#8221;T\u00edtulo da Publica\u00e7\u00e3o&#8221; title=&#8221;on&#8221; meta=&#8221;off&#8221; author=&#8221;on&#8221; date=&#8221;on&#8221; categories=&#8221;on&#8221; comments=&#8221;on&#8221; featured_image=&#8221;off&#8221; featured_placement=&#8221;above&#8221; parallax_effect=&#8221;on&#8221; parallax_method=&#8221;on&#8221; text_orientation=&#8221;center&#8221; text_color=&#8221;dark&#8221; text_background=&#8221;off&#8221; text_bg_color=&#8221;rgba(93,145,191,0.9)&#8221; module_bg_color=&#8221;rgba(255,255,255,0)&#8221; title_font_size=&#8221;50&#8243; title_all_caps=&#8221;off&#8221; use_border_color=&#8221;off&#8221; border_color=&#8221;#ffffff&#8221; border_style=&#8221;solid&#8221;] [\/et_pb_post_title][\/et_pb_column][\/et_pb_row][et_pb_row admin_label=&#8221;Linha&#8221;][et_pb_column type=&#8221;3_4&#8243;][et_pb_text admin_label=&#8221;Texto-Manuten\u00e7\u00e3o Preventiva&#8221; background_layout=&#8221;light&#8221; text_orientation=&#8221;left&#8221; use_border_color=&#8221;off&#8221; border_color=&#8221;#ffffff&#8221; border_style=&#8221;solid&#8221;]<\/p>\n<h2>Manuten\u00e7\u00e3o Preventiva<\/h2>\n<p>N\u00e3o espere sua m\u00e1quina apresentar algum defeito no meio de uma opera\u00e7\u00e3o para solicitar a assist\u00eancia t\u00e9cnica. Atrav\u00e9s do seu programa de Manuten\u00e7\u00e3o Preventiva, a EI4 mant\u00e9m seus equipamentos em perfeito estado, ampliando sua vida \u00fatil e minimizando os problemas decorrentes de pane nos equipamentos.<\/p>\n<p style=\"text-align: justify;\">Com visitas programadas \u00e0 sua empresa ou retirada e substitui\u00e7\u00e3o tempor\u00e1ria do equipamento para que possa ser trazido ao nosso laborat\u00f3rio, onde passa inclusive por um sistema de higieniza\u00e7\u00e3o, lubrifica\u00e7\u00e3o e testes de desempenho, a sua empresa economiza muito mais, sem os transtornos causados por equipamentos com defeito.<\/p>\n<p>[\/et_pb_text][et_pb_divider admin_label=&#8221;Divisor&#8221; color=&#8221;#ffffff&#8221; show_divider=&#8221;off&#8221; height=&#8221;20&#8243; divider_style=&#8221;solid&#8221; divider_position=&#8221;top&#8221; hide_on_mobile=&#8221;on&#8221;] [\/et_pb_divider][et_pb_text admin_label=&#8221;Texto-Suporte Online ou Presencial&#8221; background_layout=&#8221;light&#8221; text_orientation=&#8221;left&#8221; use_border_color=&#8221;off&#8221; border_color=&#8221;#ffffff&#8221; border_style=&#8221;solid&#8221;]<\/p>\n<p><img loading=\"lazy\" class=\"size-        full wp-image-989 alignleft\" src=\"http:\/\/www.ei4.com.br\/word\/wp-content\/uploads\/2016\/10\/SE-IMG-01.png\" alt=\"Suporte Online ou Presencial\" width=\"250\" height=\"235\" \/><\/p>\n<h2 style=\"text-align: left;\">Suporte Online ou Presencial<\/h2>\n<p style=\"text-align: left;\">Os t\u00e9cnicos especializados da EI4 est\u00e3o sempre \u00e0 postos para resolver qualquer problema que apare\u00e7a durante a utiliza\u00e7\u00e3o dos equipamentos e softwares de automa\u00e7\u00e3o comercial, podendo resolver problemas por telefone, e-mail ou visitas presenciais. Oferecemos diversos planos de suporte t\u00e9cnico, de forma que seus equipamentos e sistemas tenham o melhor rendimento poss\u00edvel, sem interrup\u00e7\u00f5es que possam atrapalhar suas vendas e opera\u00e7\u00f5es.<\/p>\n<p>[\/et_pb_text][et_pb_divider admin_label=&#8221;Divisor&#8221; color=&#8221;#ffffff&#8221; show_divider=&#8221;off&#8221; height=&#8221;20&#8243; divider_style=&#8221;solid&#8221; divider_position=&#8221;top&#8221; hide_on_mobile=&#8221;on&#8221;] [\/et_pb_divider][et_pb_text admin_label=&#8221;Texto-Assist\u00eancia T\u00e9cnica Autorizada&#8221; background_layout=&#8221;light&#8221; text_orientation=&#8221;left&#8221; use_border_color=&#8221;off&#8221; border_color=&#8221;#ffffff&#8221; border_style=&#8221;solid&#8221;]<\/p>\n<p><a href=\"http:\/\/www.ei4.com.br\/word\/wp-content\/uploads\/2016\/10\/SE-IMG-02.png\"><img loading=\"lazy\" class=\"size-full wp-image-991 alignright\" src=\"http:\/\/www.ei4.com.br\/word\/wp-content\/uploads\/2016\/10\/SE-IMG-02.png\" alt=\"Assist\u00eancia T\u00e9cnica Autorizada\" width=\"250\" height=\"235\" \/><\/a><\/p>\n<p><span style=\"font-size: small;\"><b><\/b><b><br \/>\n<\/b><\/span><\/p>\n<h2 style=\"text-align: right;\">Assist\u00eancia T\u00e9cnica Autorizada<\/h2>\n<p style=\"text-align: right;\">A EI4 possui um laborat\u00f3rio de \u00faltima gera\u00e7\u00e3o para conserto e manuten\u00e7\u00e3o de equipamentos dos principais fabricantes do pa\u00eds. Com isso, reduzimos consideravelmente o tempo com que suas m\u00e1quinas ficam paradas no caso de algum defeito.<\/p>\n<p>[\/et_pb_text][\/et_pb_column][et_pb_column type=&#8221;1_4&#8243;][et_pb_social_media_follow admin_label=&#8221;Seguir nas M\u00eddias Sociais&#8221; link_shape=&#8221;circle&#8221; background_layout=&#8221;light&#8221; url_new_window=&#8221;on&#8221; follow_button=&#8221;on&#8221;] [et_pb_social_media_follow_network social_network=&#8221;facebook&#8221; skype_action=&#8221;call&#8221; bg_color=&#8221;#3b5998&#8243;] facebook [\/et_pb_social_media_follow_network][et_pb_social_media_follow_network social_network=&#8221;linkedin&#8221; skype_action=&#8221;call&#8221; bg_color=&#8221;#007bb6&#8243;] LinkedIn [\/et_pb_social_media_follow_network][et_pb_social_media_follow_network social_network=&#8221;twitter&#8221; skype_action=&#8221;call&#8221; bg_color=&#8221;#00aced&#8221;] Twitter [\/et_pb_social_media_follow_network] [\/et_pb_social_media_follow][\/et_pb_column][\/et_pb_row][\/et_pb_section]<\/p>\n","protected":false},"excerpt":{"rendered":"<p>[et_pb_section admin_label=&#8221;section&#8221;][et_pb_row admin_label=&#8221;row&#8221;][et_pb_column type=&#8221;4_4&#8243;][et_pb_post_title admin_label=&#8221;T\u00edtulo da Publica\u00e7\u00e3o&#8221; title=&#8221;on&#8221; meta=&#8221;off&#8221; author=&#8221;on&#8221; date=&#8221;on&#8221; categories=&#8221;on&#8221; comments=&#8221;on&#8221; featured_image=&#8221;off&#8221; featured_placement=&#8221;above&#8221; parallax_effect=&#8221;on&#8221; parallax_method=&#8221;on&#8221; text_orientation=&#8221;center&#8221; text_color=&#8221;dark&#8221; text_background=&#8221;off&#8221; text_bg_color=&#8221;rgba(93,145,191,0.9)&#8221; module_bg_color=&#8221;rgba(255,255,255,0)&#8221; title_font_size=&#8221;50&#8243; title_all_caps=&#8221;off&#8221; use_border_color=&#8221;off&#8221; border_color=&#8221;#ffffff&#8221; border_style=&#8221;solid&#8221;] [\/et_pb_post_title][\/et_pb_column][\/et_pb_row][et_pb_row admin_label=&#8221;Linha&#8221;][et_pb_column type=&#8221;3_4&#8243;][et_pb_text admin_label=&#8221;Texto-Manuten\u00e7\u00e3o Preventiva&#8221; background_layout=&#8221;light&#8221; text_orientation=&#8221;left&#8221; use_border_color=&#8221;off&#8221; border_color=&#8221;#ffffff&#8221; border_style=&#8221;solid&#8221;] Manuten\u00e7\u00e3o Preventiva N\u00e3o espere sua m\u00e1quina apresentar algum defeito no meio de uma opera\u00e7\u00e3o para solicitar a assist\u00eancia [&hellip;]<\/p>\n","protected":false},"author":1,"featured_media":0,"parent":0,"menu_order":0,"comment_status":"open","ping_status":"open","template":"","meta":{"ngg_post_thumbnail":0},"_links":{"self":[{"href":"http:\/\/www.ei4.com.br\/word\/wp-json\/wp\/v2\/pages\/906"}],"collection":[{"href":"http:\/\/www.ei4.com.br\/word\/wp-json\/wp\/v2\/pages"}],"about":[{"href":"http:\/\/www.ei4.com.br\/word\/wp-json\/wp\/v2\/types\/page"}],"author":[{"embeddable":true,"href":"http:\/\/www.ei4.com.br\/word\/wp-json\/wp\/v2\/users\/1"}],"replies":[{"embeddable":true,"href":"http:\/\/www.ei4.com.br\/word\/wp-json\/wp\/v2\/comments?post=906"}],"version-history":[{"count":14,"href":"http:\/\/www.ei4.com.br\/word\/wp-json\/wp\/v2\/pages\/906\/revisions"}],"predecessor-version":[{"id":1011,"href":"http:\/\/www.ei4.com.br\/word\/wp-json\/wp\/v2\/pages\/906\/revisions\/1011"}],"wp:attachment":[{"href":"http:\/\/www.ei4.com.br\/word\/wp-json\/wp\/v2\/media?parent=906"}],"curies":[{"name":"wp","href":"https:\/\/api.w.org\/{rel}","templated":true}]}}