{"id":964,"date":"2016-10-15T23:36:25","date_gmt":"2016-10-15T23:36:25","guid":{"rendered":"http:\/\/www.ei4.com.br\/word\/?page_id=964"},"modified":"2016-11-26T17:12:52","modified_gmt":"2016-11-26T17:12:52","slug":"clipp-store","status":"publish","type":"page","link":"http:\/\/www.ei4.com.br\/word\/clipp-store\/","title":{"rendered":"Clipp Store"},"content":{"rendered":"<p>[et_pb_section admin_label=&#8221;section&#8221;][et_pb_row admin_label=&#8221;row&#8221;][et_pb_column type=&#8221;4_4&#8243;][et_pb_post_title admin_label=&#8221;T\u00edtulo da Publica\u00e7\u00e3o&#8221; title=&#8221;on&#8221; meta=&#8221;off&#8221; author=&#8221;on&#8221; date=&#8221;on&#8221; categories=&#8221;on&#8221; comments=&#8221;on&#8221; featured_image=&#8221;off&#8221; featured_placement=&#8221;above&#8221; parallax_effect=&#8221;on&#8221; parallax_method=&#8221;on&#8221; text_orientation=&#8221;center&#8221; text_color=&#8221;dark&#8221; text_background=&#8221;off&#8221; text_bg_color=&#8221;rgba(93,145,191,0.9)&#8221; module_bg_color=&#8221;rgba(255,255,255,0)&#8221; title_font_size=&#8221;50&#8243; title_all_caps=&#8221;off&#8221; use_border_color=&#8221;off&#8221; border_color=&#8221;#ffffff&#8221; border_style=&#8221;solid&#8221;] [\/et_pb_post_title][\/et_pb_column][\/et_pb_row][et_pb_row admin_label=&#8221;Linha&#8221;][et_pb_column type=&#8221;3_4&#8243;][et_pb_text admin_label=&#8221;Texto-Clipp Store&#8221; background_layout=&#8221;light&#8221; text_orientation=&#8221;left&#8221; use_border_color=&#8221;off&#8221; border_color=&#8221;#ffffff&#8221; border_style=&#8221;solid&#8221;]<\/p>\n<p><a href=\"http:\/\/www.ei4.com.br\/word\/wp-content\/uploads\/2016\/10\/Caixa_store_2017.png\"><img loading=\"lazy\" class=\" size-medium wp-image-1025 aligncenter\" src=\"http:\/\/www.ei4.com.br\/word\/wp-content\/uploads\/2016\/10\/Caixa_store_2017-340x400.png\" alt=\"Caixa_store_2017\" width=\"340\" height=\"400\" srcset=\"http:\/\/www.ei4.com.br\/word\/wp-content\/uploads\/2016\/10\/Caixa_store_2017-340x400.png 340w, http:\/\/www.ei4.com.br\/word\/wp-content\/uploads\/2016\/10\/Caixa_store_2017-869x1024.png 869w, http:\/\/www.ei4.com.br\/word\/wp-content\/uploads\/2016\/10\/Caixa_store_2017-1080x1272.png 1080w, http:\/\/www.ei4.com.br\/word\/wp-content\/uploads\/2016\/10\/Caixa_store_2017.png 1175w\" sizes=\"(max-width: 340px) 100vw, 340px\" \/><\/a><\/p>\n<h3>As melhores vantagens e solu\u00e7\u00f5es para auxiliar na gest\u00e3o de micros e pequenas empresas de com\u00e9rcio.<\/h3>\n<p>&nbsp;<\/p>\n<p>Consulte nossos valores <a href=\"#\" target=\"_blank\">clicando aqui<\/a>.<\/p>\n<p>&nbsp;<\/p>\n<h4>NFC-e<\/h4>\n<ul class=\"list-unstyled\">\n<li class=\"font-two\">Possibilidade de lan\u00e7ar Cheques Pr\u00e9-Datados.<\/li>\n<li class=\"font-two\">Criado Nova Op\u00e7\u00e3o para Recebimento de Contas, com a possibilidade da Impress\u00e3o de um Comprovante \/ Recibo.<\/li>\n<li class=\"font-two\">Disponibilizado a op\u00e7\u00e3o de Venda a Cart\u00e3o TEF Pay&amp;Go.<\/li>\n<li class=\"font-two\">Possibilitado a op\u00e7\u00e3o de filtros, melhor organiza\u00e7\u00e3o dos documentos lan\u00e7ados.<\/li>\n<li class=\"font-two\">Possibilitado a importa\u00e7\u00e3o do Parcelamento definido no DAV para a NFC-e.<\/li>\n<\/ul>\n<p>&nbsp;<\/p>\n<div id=\"caracteristicas\" class=\"col-lg-10 col-md-10 col-sm-10 col-xs-12 col-lg-offset-1 col-md-offset-1 col-sm-offset-1\">\n<h2 style=\"text-align: center;\">Caracter\u00edsticas<\/h2>\n<p>&nbsp;<\/p>\n<table border=\"0\">\n<tbody>\n<tr>\n<td valign=\"top\" width=\"50%\">\n<h3>Retaguarda<\/h3>\n<ul class=\"row list-unstyled\">\n<li class=\"col-lg-6 col-md-6 col-sm-6 col-xs-12 font-two\">Assistente de C\u00e1lculo de pre\u00e7o<\/li>\n<li class=\"col-lg-6 col-md-6 col-sm-6 col-xs-12 font-two\">Atualiza\u00e7\u00e3o autom\u00e1tica<\/li>\n<li class=\"col-lg-6 col-md-6 col-sm-6 col-xs-12 font-two\">Backup<\/li>\n<li class=\"col-lg-6 col-md-6 col-sm-6 col-xs-12 font-two\">Boletos<\/li>\n<li class=\"col-lg-6 col-md-6 col-sm-6 col-xs-12 font-two\">Cadastro da Inscri\u00e7\u00e3o Estadual de Substitui\u00e7\u00e3o Tribut\u00e1ria<\/li>\n<li class=\"col-lg-6 col-md-6 col-sm-6 col-xs-12 font-two\">Cadastro de clientes e fornecedores<\/li>\n<li class=\"col-lg-6 col-md-6 col-sm-6 col-xs-12 font-two\">Cadastro de funcion\u00e1rios baseado em fun\u00e7\u00f5es<\/li>\n<li class=\"col-lg-6 col-md-6 col-sm-6 col-xs-12 font-two\">Cadastro de vendedor por cliente<\/li>\n<li class=\"col-lg-6 col-md-6 col-sm-6 col-xs-12 font-two\">Calcula ICMS, IPI, ISS, PIS, COFINS e IR, substitui\u00e7\u00e3o tribut\u00e1ria<\/li>\n<li class=\"col-lg-6 col-md-6 col-sm-6 col-xs-12 font-two\">Carta de Corre\u00e7\u00e3o Eletr\u00f4nica (CC-e)<\/li>\n<li class=\"col-lg-6 col-md-6 col-sm-6 col-xs-12 font-two\">Comiss\u00e3o para os vendedores e comiss\u00e3o por produto<\/li>\n<li class=\"col-lg-6 col-md-6 col-sm-6 col-xs-12 font-two\">Composi\u00e7\u00e3o dos produtos<\/li>\n<li class=\"col-lg-6 col-md-6 col-sm-6 col-xs-12 font-two\">Contas a pagar e contas a receber com c\u00e1lculo de juros<\/li>\n<li class=\"col-lg-6 col-md-6 col-sm-6 col-xs-12 font-two\">Controle de acesso por usu\u00e1rio e senha &#8211; completo e restrito<\/li>\n<li class=\"col-lg-6 col-md-6 col-sm-6 col-xs-12 font-two\">Controle de Cheques Pr\u00e9-datados<\/li>\n<li class=\"col-lg-6 col-md-6 col-sm-6 col-xs-12 font-two\">Controle de descontos de funcion\u00e1rios<\/li>\n<li class=\"col-lg-6 col-md-6 col-sm-6 col-xs-12 font-two\">Controle de estoque e invent\u00e1rio<\/li>\n<li class=\"col-lg-6 col-md-6 col-sm-6 col-xs-12 font-two\">Controle de limite de cr\u00e9dito<\/li>\n<li class=\"col-lg-6 col-md-6 col-sm-6 col-xs-12 font-two\">Controle de produtos por grade e n\u00ba de s\u00e9rie<\/li>\n<li class=\"col-lg-6 col-md-6 col-sm-6 col-xs-12 font-two\">Dados adicionais para CDL\/SPC no cliente<\/li>\n<li class=\"col-lg-6 col-md-6 col-sm-6 col-xs-12 font-two\">Destaca clientes em atraso<\/li>\n<li class=\"col-lg-6 col-md-6 col-sm-6 col-xs-12 font-two\">E-mail na NFe com XML e DANFE (PDF) anexados<\/li>\n<li class=\"col-lg-6 col-md-6 col-sm-6 col-xs-12 font-two\">Emiss\u00e3o de Nota Fiscal Eletr\u00f4nica (NF-e) e formul\u00e1rio<\/li>\n<li class=\"col-lg-6 col-md-6 col-sm-6 col-xs-12 font-two\">Endere\u00e7o de cobran\u00e7a e entrega<\/li>\n<li class=\"col-lg-6 col-md-6 col-sm-6 col-xs-12 font-two\">Exibi\u00e7\u00e3o do alerta cadastrado no cliente<\/li>\n<li class=\"col-lg-6 col-md-6 col-sm-6 col-xs-12 font-two\">Fator de convers\u00e3o do cadastro de unidade de medida<\/li>\n<li class=\"col-lg-6 col-md-6 col-sm-6 col-xs-12 font-two\">Filtros<\/li>\n<li class=\"col-lg-6 col-md-6 col-sm-6 col-xs-12 font-two\">Fluxo financeiro, controle banc\u00e1rio e controle m\u00faltiplas contas<\/li>\n<li class=\"col-lg-6 col-md-6 col-sm-6 col-xs-12 font-two\">Gerador de c\u00f3digo de barras no cadastro do item pesado<\/li>\n<li class=\"col-lg-6 col-md-6 col-sm-6 col-xs-12 font-two\">Hist\u00f3rico de vendas por clientes<\/li>\n<li class=\"col-lg-6 col-md-6 col-sm-6 col-xs-12 font-two\">ICMS diferenciado para cada Estado<\/li>\n<li class=\"col-lg-6 col-md-6 col-sm-6 col-xs-12 font-two\">Importa\u00e7\u00e3o de pedido de venda, or\u00e7amento e OS no cupom<\/li>\n<li class=\"col-lg-6 col-md-6 col-sm-6 col-xs-12 font-two\">Impress\u00e3o da descri\u00e7\u00e3o complementar dos produtos na NF<\/li>\n<li class=\"col-lg-6 col-md-6 col-sm-6 col-xs-12 font-two\">Impress\u00e3o de etiquetas com impressora ARGOX<\/li>\n<li class=\"col-lg-6 col-md-6 col-sm-6 col-xs-12 font-two\">Impress\u00e3o de etiquetas com impressora ELGIN<\/li>\n<li class=\"col-lg-6 col-md-6 col-sm-6 col-xs-12 font-two\">Impress\u00e3o de etiquetas com impressora Jato de Tinta\/Laser<\/li>\n<li class=\"col-lg-6 col-md-6 col-sm-6 col-xs-12 font-two\">Impress\u00e3o de etiquetas com impressora ZEBRA<\/li>\n<li class=\"col-lg-6 col-md-6 col-sm-6 col-xs-12 font-two\">Impress\u00e3o do DANFE em modo paisagem e retrato<\/li>\n<li class=\"col-lg-6 col-md-6 col-sm-6 col-xs-12 font-two\">LFE para o DF<\/li>\n<li class=\"col-lg-6 col-md-6 col-sm-6 col-xs-12 font-two\">Movimento di\u00e1rio cont\u00e1bil<\/li>\n<li class=\"col-lg-6 col-md-6 col-sm-6 col-xs-12 font-two\">Nota fiscal de compra simples e \u00e1gil, importa XML<\/li>\n<li class=\"col-lg-6 col-md-6 col-sm-6 col-xs-12 font-two\">Ordem de Compra<\/li>\n<li class=\"col-lg-6 col-md-6 col-sm-6 col-xs-12 font-two\">Pagamento parcial de contas<\/li>\n<li class=\"col-lg-6 col-md-6 col-sm-6 col-xs-12 font-two\">Permite criar e imprimir mala direta personalizada<\/li>\n<li class=\"col-lg-6 col-md-6 col-sm-6 col-xs-12 font-two\">Permite o cadastro de Produto, Cliente, Fornecedor, Transportadora no preenchimento da nota fiscal<\/li>\n<li class=\"col-lg-6 col-md-6 col-sm-6 col-xs-12 font-two\">Permite o uso de webcam para facilitar a captura de imagens para os cadastros<\/li>\n<li class=\"col-lg-6 col-md-6 col-sm-6 col-xs-12 font-two\">Reajuste do pre\u00e7o pelo D\u00f3lar (US$)<\/li>\n<li class=\"col-lg-6 col-md-6 col-sm-6 col-xs-12 font-two\">Recibos, carn\u00eas, duplicatas e promiss\u00f3rias<\/li>\n<li class=\"col-lg-6 col-md-6 col-sm-6 col-xs-12 font-two\">Relat\u00f3rios de movimentos financeiros, compra, venda, cheques pr\u00e9-datados, clientes, fornecedores, estoque, etc<\/li>\n<li class=\"col-lg-6 col-md-6 col-sm-6 col-xs-12 font-two\">Reserva de mercadoria no pedido<\/li>\n<li class=\"col-lg-6 col-md-6 col-sm-6 col-xs-12 font-two\">Romaneio de cargas<\/li>\n<li class=\"col-lg-6 col-md-6 col-sm-6 col-xs-12 font-two\">Selecionar\/marcar v\u00e1rias contas para o recebimento\/pagamento<\/li>\n<li class=\"col-lg-6 col-md-6 col-sm-6 col-xs-12 font-two\">SINTEGRA<\/li>\n<li class=\"col-lg-6 col-md-6 col-sm-6 col-xs-12 font-two\">SPED FISCAL<\/li>\n<li class=\"col-lg-6 col-md-6 col-sm-6 col-xs-12 font-two\">SPED PIS\/COFINS<\/li>\n<li class=\"col-lg-6 col-md-6 col-sm-6 col-xs-12 font-two\">Tabela de CST, CSOSN, CST PIS e CST COFINS<\/li>\n<\/ul>\n<\/td>\n<td valign=\"top\" width=\"50%\">\n<h3>Frente de caixa<\/h3>\n<ul class=\"row list-unstyled\">\n<li class=\"col-lg-6 col-md-6 col-sm-6 col-xs-12 font-two\">Atende aos Programas de Incentivos Fiscais do Governo: (Ex.: Minas Legal, Cupom Mania, Nota Legal e Para\u00edba Legal)<\/li>\n<li class=\"col-lg-6 col-md-6 col-sm-6 col-xs-12 font-two\">Compat\u00edvel com as Principais Impressoras Fiscais<\/li>\n<li class=\"col-lg-6 col-md-6 col-sm-6 col-xs-12 font-two\">Homologado para o PAF-ECF<\/li>\n<li class=\"col-lg-6 col-md-6 col-sm-6 col-xs-12 font-two\">Integrado com: Balan\u00e7a (Checkout), Or\u00e7amento, Pr\u00e9-Venda, Pedido de Venda, TEF (Transfer\u00eancia Eletr\u00f4nica de Fundos), Terminal de Consulta de Pre\u00e7os, Sistema de Retaguarda<\/li>\n<li class=\"col-lg-6 col-md-6 col-sm-6 col-xs-12 font-two\">Nota Fiscal de Consumidor Eletr\u00f4nica &#8211; NFCe<\/li>\n<\/ul>\n<\/td>\n<\/tr>\n<\/tbody>\n<\/table>\n<h2>O Clipp Store 2016 \u00e9 indicado para<\/h2>\n<ul class=\"row list-unstyled\">\n<li class=\"col-lg-3 col-md-3 col-sm-3 col-xs-12 font-two\">Adegas<\/li>\n<li class=\"col-lg-3 col-md-3 col-sm-3 col-xs-12 font-two\">Assist\u00eancias t\u00e9cnicas<\/li>\n<li class=\"col-lg-3 col-md-3 col-sm-3 col-xs-12 font-two\">Atacados<\/li>\n<li class=\"col-lg-3 col-md-3 col-sm-3 col-xs-12 font-two\">Autoel\u00e9tricas<\/li>\n<li class=\"col-lg-3 col-md-3 col-sm-3 col-xs-12 font-two\">Autope\u00e7as<\/li>\n<li class=\"col-lg-3 col-md-3 col-sm-3 col-xs-12 font-two\">Bicicletarias<\/li>\n<li class=\"col-lg-3 col-md-3 col-sm-3 col-xs-12 font-two\">Com\u00e9rcio de pneus<\/li>\n<li class=\"col-lg-3 col-md-3 col-sm-3 col-xs-12 font-two\">Com\u00e9rcio de tintas<\/li>\n<li class=\"col-lg-3 col-md-3 col-sm-3 col-xs-12 font-two\">Com\u00e9rcio em geral<\/li>\n<li class=\"col-lg-3 col-md-3 col-sm-3 col-xs-12 font-two\">Conveni\u00eancias<\/li>\n<li class=\"col-lg-3 col-md-3 col-sm-3 col-xs-12 font-two\">Cosm\u00e9ticos e perfumaria<\/li>\n<li class=\"col-lg-3 col-md-3 col-sm-3 col-xs-12 font-two\">Distribuidoras<\/li>\n<li class=\"col-lg-3 col-md-3 col-sm-3 col-xs-12 font-two\">Ferragens<\/li>\n<li class=\"col-lg-3 col-md-3 col-sm-3 col-xs-12 font-two\">Livrarias e papelarias<\/li>\n<li class=\"col-lg-3 col-md-3 col-sm-3 col-xs-12 font-two\">Lojas de alimentos<\/li>\n<li class=\"col-lg-3 col-md-3 col-sm-3 col-xs-12 font-two\">Lojas de bijuterias<\/li>\n<li class=\"col-lg-3 col-md-3 col-sm-3 col-xs-12 font-two\">Lojas de brinquedos<\/li>\n<li class=\"col-lg-3 col-md-3 col-sm-3 col-xs-12 font-two\">Lojas de cal\u00e7ados<\/li>\n<li class=\"col-lg-3 col-md-3 col-sm-3 col-xs-12 font-two\">Lojas de carnes<\/li>\n<li class=\"col-lg-3 col-md-3 col-sm-3 col-xs-12 font-two\">Lojas de doces<\/li>\n<li class=\"col-lg-3 col-md-3 col-sm-3 col-xs-12 font-two\">Lojas de esportes<\/li>\n<li class=\"col-lg-3 col-md-3 col-sm-3 col-xs-12 font-two\">Lojas de inform\u00e1tica<\/li>\n<li class=\"col-lg-3 col-md-3 col-sm-3 col-xs-12 font-two\">Lojas de latic\u00ednios<\/li>\n<li class=\"col-lg-3 col-md-3 col-sm-3 col-xs-12 font-two\">Lojas de lubrificantes<\/li>\n<li class=\"col-lg-3 col-md-3 col-sm-3 col-xs-12 font-two\">Lojas de presentes<\/li>\n<li class=\"col-lg-3 col-md-3 col-sm-3 col-xs-12 font-two\">Lojas de software<\/li>\n<li class=\"col-lg-3 col-md-3 col-sm-3 col-xs-12 font-two\">Lojas de som e imagem<\/li>\n<li class=\"col-lg-3 col-md-3 col-sm-3 col-xs-12 font-two\">Lojas de telefonia e celular<\/li>\n<li class=\"col-lg-3 col-md-3 col-sm-3 col-xs-12 font-two\">Materiais de constru\u00e7\u00e3o<\/li>\n<li class=\"col-lg-3 col-md-3 col-sm-3 col-xs-12 font-two\">Mercados<\/li>\n<li class=\"col-lg-3 col-md-3 col-sm-3 col-xs-12 font-two\">M\u00f3veis e eletro<\/li>\n<li class=\"col-lg-3 col-md-3 col-sm-3 col-xs-12 font-two\">Relojoarias, Joalherias e \u00f3ticas<\/li>\n<\/ul>\n<p>&nbsp;<\/p>\n<p>Consulte nossos valores <a href=\"#\" target=\"_blank\">clicando aqui<\/a>.<\/p>\n<\/div>\n<p>[\/et_pb_text][\/et_pb_column][et_pb_column type=&#8221;1_4&#8243;][et_pb_social_media_follow admin_label=&#8221;Seguir nas M\u00eddias Sociais&#8221; link_shape=&#8221;circle&#8221; background_layout=&#8221;light&#8221; url_new_window=&#8221;on&#8221; follow_button=&#8221;on&#8221;] [et_pb_social_media_follow_network social_network=&#8221;facebook&#8221; skype_action=&#8221;call&#8221; bg_color=&#8221;#3b5998&#8243;] facebook [\/et_pb_social_media_follow_network][et_pb_social_media_follow_network social_network=&#8221;linkedin&#8221; skype_action=&#8221;call&#8221; bg_color=&#8221;#007bb6&#8243;] LinkedIn [\/et_pb_social_media_follow_network][et_pb_social_media_follow_network social_network=&#8221;twitter&#8221; skype_action=&#8221;call&#8221; bg_color=&#8221;#00aced&#8221;] Twitter [\/et_pb_social_media_follow_network] [\/et_pb_social_media_follow][\/et_pb_column][\/et_pb_row][\/et_pb_section]<\/p>\n","protected":false},"excerpt":{"rendered":"<p>[et_pb_section admin_label=&#8221;section&#8221;][et_pb_row admin_label=&#8221;row&#8221;][et_pb_column type=&#8221;4_4&#8243;][et_pb_post_title admin_label=&#8221;T\u00edtulo da Publica\u00e7\u00e3o&#8221; title=&#8221;on&#8221; meta=&#8221;off&#8221; author=&#8221;on&#8221; date=&#8221;on&#8221; categories=&#8221;on&#8221; comments=&#8221;on&#8221; featured_image=&#8221;off&#8221; featured_placement=&#8221;above&#8221; parallax_effect=&#8221;on&#8221; parallax_method=&#8221;on&#8221; text_orientation=&#8221;center&#8221; text_color=&#8221;dark&#8221; text_background=&#8221;off&#8221; text_bg_color=&#8221;rgba(93,145,191,0.9)&#8221; module_bg_color=&#8221;rgba(255,255,255,0)&#8221; title_font_size=&#8221;50&#8243; title_all_caps=&#8221;off&#8221; use_border_color=&#8221;off&#8221; border_color=&#8221;#ffffff&#8221; border_style=&#8221;solid&#8221;] [\/et_pb_post_title][\/et_pb_column][\/et_pb_row][et_pb_row admin_label=&#8221;Linha&#8221;][et_pb_column type=&#8221;3_4&#8243;][et_pb_text admin_label=&#8221;Texto-Clipp Store&#8221; background_layout=&#8221;light&#8221; text_orientation=&#8221;left&#8221; use_border_color=&#8221;off&#8221; border_color=&#8221;#ffffff&#8221; border_style=&#8221;solid&#8221;] As melhores vantagens e solu\u00e7\u00f5es para auxiliar na gest\u00e3o de micros e pequenas empresas de com\u00e9rcio. &nbsp; Consulte [&hellip;]<\/p>\n","protected":false},"author":1,"featured_media":0,"parent":0,"menu_order":0,"comment_status":"open","ping_status":"open","template":"","meta":{"ngg_post_thumbnail":0},"_links":{"self":[{"href":"http:\/\/www.ei4.com.br\/word\/wp-json\/wp\/v2\/pages\/964"}],"collection":[{"href":"http:\/\/www.ei4.com.br\/word\/wp-json\/wp\/v2\/pages"}],"about":[{"href":"http:\/\/www.ei4.com.br\/word\/wp-json\/wp\/v2\/types\/page"}],"author":[{"embeddable":true,"href":"http:\/\/www.ei4.com.br\/word\/wp-json\/wp\/v2\/users\/1"}],"replies":[{"embeddable":true,"href":"http:\/\/www.ei4.com.br\/word\/wp-json\/wp\/v2\/comments?post=964"}],"version-history":[{"count":11,"href":"http:\/\/www.ei4.com.br\/word\/wp-json\/wp\/v2\/pages\/964\/revisions"}],"predecessor-version":[{"id":1028,"href":"http:\/\/www.ei4.com.br\/word\/wp-json\/wp\/v2\/pages\/964\/revisions\/1028"}],"wp:attachment":[{"href":"http:\/\/www.ei4.com.br\/word\/wp-json\/wp\/v2\/media?parent=964"}],"curies":[{"name":"wp","href":"https:\/\/api.w.org\/{rel}","templated":true}]}}